{"id":211060,"date":"2019-05-02T08:13:22","date_gmt":"2019-05-02T08:13:22","guid":{"rendered":"http:\/\/divi.pontecerca.es\/?page_id=211060"},"modified":"2024-06-20T14:34:41","modified_gmt":"2024-06-20T12:34:41","slug":"contacto","status":"publish","type":"page","link":"https:\/\/www.cafeteriaroyalty.es\/royalty\/contacto\/","title":{"rendered":"Contacto"},"content":{"rendered":"<p>[et_pb_section fb_built=\u00bb1&#8243; specialty=\u00bbon\u00bb custom_padding_last_edited=\u00bbon|desktop\u00bb background_color_2=\u00bb#ffffff\u00bb padding_top_2=\u00bb40px\u00bb padding_right_2=\u00bb30px\u00bb padding_bottom_2=\u00bb40px\u00bb padding_left_2=\u00bb30px\u00bb padding_top_bottom_link_2=\u00bbtrue\u00bb padding_left_right_link_2=\u00bbtrue\u00bb padding_2_tablet=\u00bb0px|0px|0px|0px|true|true\u00bb padding_2_phone=\u00bb\u00bb padding_2_last_edited=\u00bbon|tablet\u00bb admin_label=\u00bbHeader\u00bb module_class=\u00bbcontacto-bloque-1&#8243; _builder_version=\u00bb4.16&#8243; use_background_color_gradient=\u00bbon\u00bb background_color_gradient_direction=\u00bb90deg\u00bb background_color_gradient_stops=\u00bb#ffffff 65%|#154880 65%\u00bb background_color_gradient_start=\u00bb#ffffff\u00bb background_color_gradient_start_position=\u00bb65%\u00bb background_color_gradient_end=\u00bb#154880&#8243; background_color_gradient_end_position=\u00bb0%\u00bb custom_padding=\u00bb5vw||80px||false|false\u00bb custom_padding_tablet=\u00bb||0px||false|false\u00bb custom_padding_phone=\u00bb\u00bb background_last_edited=\u00bbon|tablet\u00bb use_background_color_gradient_tablet=\u00bboff\u00bb global_colors_info=\u00bb{}\u00bb][et_pb_column type=\u00bb1_2&#8243; specialty_columns=\u00bb2&#8243; _builder_version=\u00bb4.16&#8243; custom_padding=\u00bb|||\u00bb global_colors_info=\u00bb{}\u00bb custom_padding__hover=\u00bb|||\u00bb][et_pb_row_inner _builder_version=\u00bb4.16&#8243; global_colors_info=\u00bb{}\u00bb][et_pb_column_inner saved_specialty_column_type=\u00bb1_2&#8243; _builder_version=\u00bb4.16&#8243; global_colors_info=\u00bb{}\u00bb][et_pb_text _builder_version=\u00bb4.25.2&#8243; text_font=\u00bbCabin||||||||\u00bb text_text_color=\u00bbrgba(85,101,112,0.8)\u00bb text_font_size=\u00bb16px\u00bb text_line_height=\u00bb1.8em\u00bb header_font=\u00bbPlayfair Display|700|||||||\u00bb header_text_color=\u00bb#002d4c\u00bb header_font_size=\u00bb66px\u00bb header_line_height=\u00bb1.1em\u00bb header_3_font=\u00bbCabin|700||on|||||\u00bb header_3_text_color=\u00bb#bd8f52&#8243; header_3_font_size=\u00bb13px\u00bb header_3_letter_spacing=\u00bb3px\u00bb header_3_line_height=\u00bb1.4em\u00bb max_width=\u00bb36vw\u00bb max_width_tablet=\u00bb90%\u00bb max_width_phone=\u00bb100%\u00bb max_width_last_edited=\u00bbon|tablet\u00bb custom_margin=\u00bb||||false|false\u00bb hover_enabled=\u00bb0&#8243; text_font_size_tablet=\u00bb15px\u00bb text_font_size_phone=\u00bb14px\u00bb text_font_size_last_edited=\u00bbon|phone\u00bb header_font_size_tablet=\u00bb52px\u00bb header_font_size_phone=\u00bb38px\u00bb header_font_size_last_edited=\u00bbon|desktop\u00bb locked=\u00bboff\u00bb global_colors_info=\u00bb{}\u00bb sticky_enabled=\u00bb0&#8243;]<\/p>\n<h3>Contacto<\/h3>\n<h1>Quedamos a tu disposici\u00f3n \/\/<\/h1>\n<p>Si tienes alguna duda o consulta que hacernos, no dudes en ponerte en contacto con nosotros. \u00a1Estaremos encantados de atenderte!<\/p>\n<p>[\/et_pb_text][\/et_pb_column_inner][\/et_pb_row_inner][et_pb_row_inner column_structure=\u00bb1_2,1_2&#8243; _builder_version=\u00bb4.16&#8243; global_colors_info=\u00bb{}\u00bb][et_pb_column_inner type=\u00bb1_2&#8243; saved_specialty_column_type=\u00bb1_2&#8243; _builder_version=\u00bb4.16&#8243; global_colors_info=\u00bb{}\u00bb][et_pb_blurb title=\u00bbLL\u00c1MANOS\u00bb module_class=\u00bbcontacto-bloque-1-info\u00bb _builder_version=\u00bb4.25.2&#8243; header_font=\u00bbCabin|700||on|||||\u00bb header_text_color=\u00bb#002d4c\u00bb header_font_size=\u00bb16px\u00bb header_letter_spacing=\u00bb1px\u00bb body_font=\u00bbCabin||||||||\u00bb body_text_color=\u00bbrgba(85,101,112,0.8)\u00bb body_line_height=\u00bb1.8em\u00bb animation=\u00bboff\u00bb hover_enabled=\u00bb0&#8243; body_font_size_tablet=\u00bb15px\u00bb body_font_size_phone=\u00bb14px\u00bb body_font_size_last_edited=\u00bboff|desktop\u00bb locked=\u00bboff\u00bb global_colors_info=\u00bb{}\u00bb header_text_color__hover_enabled=\u00bboff|desktop\u00bb header_text_color__hover=\u00bb#ffffff\u00bb body_text_color__hover_enabled=\u00bboff|desktop\u00bb body_text_color__hover=\u00bb#ffffff\u00bb sticky_enabled=\u00bb0&#8243;]<\/p>\n<p><span class=\"LrzXr zdqRlf kno-fv\"><a href=\"https:\/\/www.google.com\/search?client=firefox-b-d&amp;q=ROYALTY+MARIN#\" data-dtype=\"d3ph\" data-local-attribute=\"d3ph\" data-ved=\"2ahUKEwir8Z__l-qGAxVyZ_EDHUzlDxEQkAgoAHoECCIQAg\"><span aria-label=\"Llamar al n\u00famero de tel\u00e9fono 663 88 10 17\">663 88 10 17<\/span><\/a><\/span><\/p>\n<p>[\/et_pb_blurb][\/et_pb_column_inner][et_pb_column_inner type=\u00bb1_2&#8243; saved_specialty_column_type=\u00bb1_2&#8243; _builder_version=\u00bb4.16&#8243; global_colors_info=\u00bb{}\u00bb][et_pb_blurb title=\u00bbEMAIL\u00bb module_class=\u00bbcontacto-bloque-1-info\u00bb _builder_version=\u00bb4.25.2&#8243; header_font=\u00bbCabin|700||on|||||\u00bb header_text_color=\u00bb#002d4c\u00bb header_font_size=\u00bb16px\u00bb header_letter_spacing=\u00bb1px\u00bb body_font=\u00bbCabin||||||||\u00bb body_text_color=\u00bbrgba(85,101,112,0.8)\u00bb body_line_height=\u00bb1.8em\u00bb animation=\u00bboff\u00bb hover_enabled=\u00bb0&#8243; body_font_size_tablet=\u00bb15px\u00bb body_font_size_phone=\u00bb14px\u00bb body_font_size_last_edited=\u00bboff|desktop\u00bb locked=\u00bboff\u00bb global_colors_info=\u00bb{}\u00bb header_text_color__hover_enabled=\u00bboff|desktop\u00bb header_text_color__hover=\u00bb#ffffff\u00bb body_text_color__hover_enabled=\u00bboff|desktop\u00bb body_text_color__hover=\u00bb#ffffff\u00bb sticky_enabled=\u00bb0&#8243;]<\/p>\n<p><a href=\"mailto:info@avoltadapedra.es\"><span id=\"account-name_caferoyalty@mailptv.es\" class=\"account-name collapse-text\">caferoyalty@mailptv.es<\/span><\/a><\/p>\n<p>[\/et_pb_blurb][\/et_pb_column_inner][\/et_pb_row_inner][\/et_pb_column][et_pb_column type=\u00bb1_2&#8243; _builder_version=\u00bb4.16&#8243; custom_padding=\u00bb|||\u00bb global_colors_info=\u00bb{}\u00bb custom_padding__hover=\u00bb|||\u00bb][et_pb_contact_form captcha=\u00bboff\u00bb email=\u00bbinfo@avoltadapedra.es\u00bb custom_message=\u00bbNombre: %%Name%%||et_pb_line_break_holder||Email: %%Email%%||et_pb_line_break_holder||Mensaje: %%Message%%\u00bb module_class=\u00bbcontacto-bloque-1-form\u00bb _builder_version=\u00bb4.25.0&#8243; _unique_id=\u00bb039af319-7eef-4254-af47-1019077b0af1&#8243; form_field_background_color=\u00bb#f6f7f8&#8243; form_field_text_color=\u00bb#556570&#8243; form_field_focus_text_color=\u00bb#002d4c\u00bb form_field_custom_margin=\u00bb||24px||false|false\u00bb form_field_custom_padding=\u00bb20px|20px|20px|20px|true|true\u00bb form_field_font=\u00bbCabin|600|||||||\u00bb form_field_font_size=\u00bb15px\u00bb custom_button=\u00bbon\u00bb button_text_size=\u00bb13px\u00bb button_text_color=\u00bb#ffffff\u00bb button_bg_color=\u00bb#b78448&#8243; button_border_width=\u00bb2px\u00bb button_border_color=\u00bb#b78448&#8243; button_border_radius=\u00bb0px\u00bb button_letter_spacing=\u00bb2px\u00bb button_font=\u00bbCabin|600||on|||||\u00bb button_use_icon=\u00bboff\u00bb button_custom_margin=\u00bb10px||||false|false\u00bb button_custom_padding=\u00bb16px|24px|16px|24px|true|true\u00bb button_custom_padding_tablet=\u00bb||||false|true\u00bb button_custom_padding_phone=\u00bb24px||24px||true|true\u00bb button_custom_padding_last_edited=\u00bboff|tablet\u00bb custom_margin=\u00bb0px||||false|false\u00bb box_shadow_style_button=\u00bbpreset7&#8243; box_shadow_horizontal_button=\u00bb0px\u00bb box_shadow_vertical_button=\u00bb0px\u00bb box_shadow_spread_button=\u00bb2px\u00bb box_shadow_color_button=\u00bb#ffffff\u00bb global_colors_info=\u00bb{}\u00bb button_border_color__hover=\u00bb#d1d1d1&#8243; button_border_color__hover_enabled=\u00bbon|desktop\u00bb box_shadow_spread_button__hover=\u00bb6px\u00bb box_shadow_spread_button__hover_enabled=\u00bbon|desktop\u00bb][et_pb_contact_field field_id=\u00bbName\u00bb field_title=\u00bbNombre\u00bb fullwidth_field=\u00bbon\u00bb _builder_version=\u00bb4.16&#8243; global_colors_info=\u00bb{}\u00bb button_text_size__hover_enabled=\u00bboff\u00bb button_one_text_size__hover_enabled=\u00bboff\u00bb button_two_text_size__hover_enabled=\u00bboff\u00bb button_text_color__hover_enabled=\u00bboff\u00bb button_one_text_color__hover_enabled=\u00bboff\u00bb button_two_text_color__hover_enabled=\u00bboff\u00bb button_border_width__hover_enabled=\u00bboff\u00bb button_one_border_width__hover_enabled=\u00bboff\u00bb button_two_border_width__hover_enabled=\u00bboff\u00bb button_border_color__hover_enabled=\u00bboff\u00bb button_one_border_color__hover_enabled=\u00bboff\u00bb button_two_border_color__hover_enabled=\u00bboff\u00bb button_border_radius__hover_enabled=\u00bboff\u00bb button_one_border_radius__hover_enabled=\u00bboff\u00bb button_two_border_radius__hover_enabled=\u00bboff\u00bb button_letter_spacing__hover_enabled=\u00bboff\u00bb button_one_letter_spacing__hover_enabled=\u00bboff\u00bb button_two_letter_spacing__hover_enabled=\u00bboff\u00bb button_bg_color__hover_enabled=\u00bboff\u00bb button_one_bg_color__hover_enabled=\u00bboff\u00bb button_two_bg_color__hover_enabled=\u00bboff\u00bb][\/et_pb_contact_field][et_pb_contact_field field_id=\u00bbEmail\u00bb field_title=\u00bbEmail\u00bb field_type=\u00bbemail\u00bb fullwidth_field=\u00bbon\u00bb _builder_version=\u00bb4.16&#8243; global_colors_info=\u00bb{}\u00bb button_text_size__hover_enabled=\u00bboff\u00bb button_one_text_size__hover_enabled=\u00bboff\u00bb button_two_text_size__hover_enabled=\u00bboff\u00bb button_text_color__hover_enabled=\u00bboff\u00bb button_one_text_color__hover_enabled=\u00bboff\u00bb button_two_text_color__hover_enabled=\u00bboff\u00bb button_border_width__hover_enabled=\u00bboff\u00bb button_one_border_width__hover_enabled=\u00bboff\u00bb button_two_border_width__hover_enabled=\u00bboff\u00bb button_border_color__hover_enabled=\u00bboff\u00bb button_one_border_color__hover_enabled=\u00bboff\u00bb button_two_border_color__hover_enabled=\u00bboff\u00bb button_border_radius__hover_enabled=\u00bboff\u00bb button_one_border_radius__hover_enabled=\u00bboff\u00bb button_two_border_radius__hover_enabled=\u00bboff\u00bb button_letter_spacing__hover_enabled=\u00bboff\u00bb button_one_letter_spacing__hover_enabled=\u00bboff\u00bb button_two_letter_spacing__hover_enabled=\u00bboff\u00bb button_bg_color__hover_enabled=\u00bboff\u00bb button_one_bg_color__hover_enabled=\u00bboff\u00bb button_two_bg_color__hover_enabled=\u00bboff\u00bb][\/et_pb_contact_field][et_pb_contact_field field_id=\u00bbMessage\u00bb field_title=\u00bbMensaje\u00bb field_type=\u00bbtext\u00bb fullwidth_field=\u00bbon\u00bb _builder_version=\u00bb4.16&#8243; global_colors_info=\u00bb{}\u00bb button_text_size__hover_enabled=\u00bboff\u00bb button_one_text_size__hover_enabled=\u00bboff\u00bb button_two_text_size__hover_enabled=\u00bboff\u00bb button_text_color__hover_enabled=\u00bboff\u00bb button_one_text_color__hover_enabled=\u00bboff\u00bb button_two_text_color__hover_enabled=\u00bboff\u00bb button_border_width__hover_enabled=\u00bboff\u00bb button_one_border_width__hover_enabled=\u00bboff\u00bb button_two_border_width__hover_enabled=\u00bboff\u00bb button_border_color__hover_enabled=\u00bboff\u00bb button_one_border_color__hover_enabled=\u00bboff\u00bb button_two_border_color__hover_enabled=\u00bboff\u00bb button_border_radius__hover_enabled=\u00bboff\u00bb button_one_border_radius__hover_enabled=\u00bboff\u00bb button_two_border_radius__hover_enabled=\u00bboff\u00bb button_letter_spacing__hover_enabled=\u00bboff\u00bb button_one_letter_spacing__hover_enabled=\u00bboff\u00bb button_two_letter_spacing__hover_enabled=\u00bboff\u00bb button_bg_color__hover_enabled=\u00bboff\u00bb button_one_bg_color__hover_enabled=\u00bboff\u00bb button_two_bg_color__hover_enabled=\u00bboff\u00bb][\/et_pb_contact_field][\/et_pb_contact_form][\/et_pb_column][\/et_pb_section][et_pb_section fb_built=\u00bb1&#8243; _builder_version=\u00bb4.16&#8243; custom_margin=\u00bb100px||||false|false\u00bb custom_margin_tablet=\u00bb50px||||false|false\u00bb custom_margin_phone=\u00bb\u00bb custom_margin_last_edited=\u00bbon|phone\u00bb global_colors_info=\u00bb{}\u00bb][et_pb_row _builder_version=\u00bb4.25.0&#8243; width=\u00bb100%\u00bb max_width=\u00bb100%\u00bb max_width_last_edited=\u00bboff|\u00bb custom_padding=\u00bb0px||0px|\u00bb z_index_tablet=\u00bb500&#8243; box_shadow_horizontal_tablet=\u00bb0px\u00bb box_shadow_vertical_tablet=\u00bb0px\u00bb box_shadow_blur_tablet=\u00bb40px\u00bb box_shadow_spread_tablet=\u00bb0px\u00bb global_colors_info=\u00bb{}\u00bb][et_pb_column type=\u00bb4_4&#8243; _builder_version=\u00bb4.16&#8243; custom_padding=\u00bb|||\u00bb global_colors_info=\u00bb{}\u00bb custom_padding__hover=\u00bb|||\u00bb][et_pb_map address=\u00bbR\u00faa M\u00e9ndez N\u00fa\u00f1ez, 37, 36900 Mar\u00edn, Pontevedra, Espa\u00f1a\u00bb address_lat=\u00bb42.392867956511&#8243; address_lng=\u00bb-8.7002451354431&#8243; use_grayscale_filter=\u00bbon\u00bb grayscale_filter_amount=\u00bb85&#8243; _builder_version=\u00bb4.25.2&#8243; width=\u00bb100%\u00bb module_alignment=\u00bbcenter\u00bb height=\u00bb500px\u00bb hover_enabled=\u00bb0&#8243; z_index_tablet=\u00bb500&#8243; box_shadow_horizontal_tablet=\u00bb0px\u00bb box_shadow_vertical_tablet=\u00bb0px\u00bb box_shadow_blur_tablet=\u00bb40px\u00bb box_shadow_spread_tablet=\u00bb0px\u00bb global_colors_info=\u00bb{}\u00bb sticky_enabled=\u00bb0&#8243;][et_pb_map_pin pin_address=\u00bbR\u00faa da Virxe do Cami\u00f1o, 43, 36001 Pontevedra, Espa\u00f1a\u00bb pin_address_lat=\u00bb42.427846&#8243; pin_address_lng=\u00bb-8.6403113&#8243; _builder_version=\u00bb4.8.2&#8243; _module_preset=\u00bbdefault\u00bb global_colors_info=\u00bb{}\u00bb][\/et_pb_map_pin][\/et_pb_map][\/et_pb_column][\/et_pb_row][\/et_pb_section]<\/p>\n","protected":false},"excerpt":{"rendered":"<p>Contacto Quedamos a tu disposici\u00f3n \/\/ Si tienes alguna duda o consulta que hacernos, no dudes en ponerte en contacto con nosotros. \u00a1Estaremos encantados de atenderte!663 88 10 17caferoyalty@mailptv.es<\/p>\n","protected":false},"author":6,"featured_media":0,"parent":0,"menu_order":0,"comment_status":"closed","ping_status":"closed","template":"","meta":{"_et_pb_use_builder":"on","_et_pb_old_content":"","_et_gb_content_width":"","footnotes":""},"yoast_head":"<!-- This site is optimized with the Yoast SEO plugin v23.5 - https:\/\/yoast.com\/wordpress\/plugins\/seo\/ -->\n<title>Contacto - ROYALTY<\/title>\n<meta name=\"robots\" content=\"index, follow, max-snippet:-1, max-image-preview:large, max-video-preview:-1\" \/>\n<link rel=\"canonical\" href=\"https:\/\/www.cafeteriaroyalty.es\/royalty\/contacto\/\" \/>\n<meta property=\"og:locale\" content=\"es_ES\" \/>\n<meta property=\"og:type\" content=\"article\" \/>\n<meta property=\"og:title\" content=\"Contacto - ROYALTY\" \/>\n<meta property=\"og:description\" content=\"Contacto Quedamos a tu disposici\u00f3n \/\/ Si tienes alguna duda o consulta que hacernos, no dudes en ponerte en contacto con nosotros. \u00a1Estaremos encantados de atenderte!663 88 10 17caferoyalty@mailptv.es\" \/>\n<meta property=\"og:url\" content=\"https:\/\/www.cafeteriaroyalty.es\/royalty\/contacto\/\" \/>\n<meta property=\"og:site_name\" content=\"ROYALTY\" \/>\n<meta property=\"article:modified_time\" content=\"2024-06-20T12:34:41+00:00\" \/>\n<meta property=\"og:image\" content=\"https:\/\/www.cafeteriaroyalty.es\/royalty\/wp-content\/uploads\/2021\/03\/logo-500.png\" \/>\n\t<meta property=\"og:image:width\" content=\"500\" \/>\n\t<meta property=\"og:image:height\" content=\"500\" \/>\n\t<meta property=\"og:image:type\" content=\"image\/png\" \/>\n<meta name=\"twitter:card\" content=\"summary_large_image\" \/>\n<meta name=\"twitter:label1\" content=\"Tiempo de lectura\" \/>\n\t<meta name=\"twitter:data1\" content=\"1 minuto\" \/>\n<script type=\"application\/ld+json\" class=\"yoast-schema-graph\">{\"@context\":\"https:\/\/schema.org\",\"@graph\":[{\"@type\":\"WebPage\",\"@id\":\"https:\/\/www.cafeteriaroyalty.es\/royalty\/contacto\/\",\"url\":\"https:\/\/www.cafeteriaroyalty.es\/royalty\/contacto\/\",\"name\":\"Contacto - ROYALTY\",\"isPartOf\":{\"@id\":\"https:\/\/www.cafeteriaroyalty.es\/royalty\/#website\"},\"datePublished\":\"2019-05-02T08:13:22+00:00\",\"dateModified\":\"2024-06-20T12:34:41+00:00\",\"breadcrumb\":{\"@id\":\"https:\/\/www.cafeteriaroyalty.es\/royalty\/contacto\/#breadcrumb\"},\"inLanguage\":\"es\",\"potentialAction\":[{\"@type\":\"ReadAction\",\"target\":[\"https:\/\/www.cafeteriaroyalty.es\/royalty\/contacto\/\"]}]},{\"@type\":\"BreadcrumbList\",\"@id\":\"https:\/\/www.cafeteriaroyalty.es\/royalty\/contacto\/#breadcrumb\",\"itemListElement\":[{\"@type\":\"ListItem\",\"position\":1,\"name\":\"Home\",\"item\":\"https:\/\/www.cafeteriaroyalty.es\/royalty\/\"},{\"@type\":\"ListItem\",\"position\":2,\"name\":\"Contacto\"}]},{\"@type\":\"WebSite\",\"@id\":\"https:\/\/www.cafeteriaroyalty.es\/royalty\/#website\",\"url\":\"https:\/\/www.cafeteriaroyalty.es\/royalty\/\",\"name\":\"ROYALTY\",\"description\":\"\",\"publisher\":{\"@id\":\"https:\/\/www.cafeteriaroyalty.es\/royalty\/#organization\"},\"potentialAction\":[{\"@type\":\"SearchAction\",\"target\":{\"@type\":\"EntryPoint\",\"urlTemplate\":\"https:\/\/www.cafeteriaroyalty.es\/royalty\/?s={search_term_string}\"},\"query-input\":{\"@type\":\"PropertyValueSpecification\",\"valueRequired\":true,\"valueName\":\"search_term_string\"}}],\"inLanguage\":\"es\"},{\"@type\":\"Organization\",\"@id\":\"https:\/\/www.cafeteriaroyalty.es\/royalty\/#organization\",\"name\":\"Raxer\u00eda Lola\",\"url\":\"https:\/\/www.cafeteriaroyalty.es\/royalty\/\",\"logo\":{\"@type\":\"ImageObject\",\"inLanguage\":\"es\",\"@id\":\"https:\/\/www.cafeteriaroyalty.es\/royalty\/#\/schema\/logo\/image\/\",\"url\":\"\",\"contentUrl\":\"\",\"caption\":\"Raxer\u00eda Lola\"},\"image\":{\"@id\":\"https:\/\/www.cafeteriaroyalty.es\/royalty\/#\/schema\/logo\/image\/\"}}]}<\/script>\n<!-- \/ Yoast SEO plugin. -->","yoast_head_json":{"title":"Contacto - ROYALTY","robots":{"index":"index","follow":"follow","max-snippet":"max-snippet:-1","max-image-preview":"max-image-preview:large","max-video-preview":"max-video-preview:-1"},"canonical":"https:\/\/www.cafeteriaroyalty.es\/royalty\/contacto\/","og_locale":"es_ES","og_type":"article","og_title":"Contacto - ROYALTY","og_description":"Contacto Quedamos a tu disposici\u00f3n \/\/ Si tienes alguna duda o consulta que hacernos, no dudes en ponerte en contacto con nosotros. \u00a1Estaremos encantados de atenderte!663 88 10 17caferoyalty@mailptv.es","og_url":"https:\/\/www.cafeteriaroyalty.es\/royalty\/contacto\/","og_site_name":"ROYALTY","article_modified_time":"2024-06-20T12:34:41+00:00","og_image":[{"width":500,"height":500,"url":"https:\/\/www.cafeteriaroyalty.es\/royalty\/wp-content\/uploads\/2021\/03\/logo-500.png","type":"image\/png"}],"twitter_card":"summary_large_image","twitter_misc":{"Tiempo de lectura":"1 minuto"},"schema":{"@context":"https:\/\/schema.org","@graph":[{"@type":"WebPage","@id":"https:\/\/www.cafeteriaroyalty.es\/royalty\/contacto\/","url":"https:\/\/www.cafeteriaroyalty.es\/royalty\/contacto\/","name":"Contacto - ROYALTY","isPartOf":{"@id":"https:\/\/www.cafeteriaroyalty.es\/royalty\/#website"},"datePublished":"2019-05-02T08:13:22+00:00","dateModified":"2024-06-20T12:34:41+00:00","breadcrumb":{"@id":"https:\/\/www.cafeteriaroyalty.es\/royalty\/contacto\/#breadcrumb"},"inLanguage":"es","potentialAction":[{"@type":"ReadAction","target":["https:\/\/www.cafeteriaroyalty.es\/royalty\/contacto\/"]}]},{"@type":"BreadcrumbList","@id":"https:\/\/www.cafeteriaroyalty.es\/royalty\/contacto\/#breadcrumb","itemListElement":[{"@type":"ListItem","position":1,"name":"Home","item":"https:\/\/www.cafeteriaroyalty.es\/royalty\/"},{"@type":"ListItem","position":2,"name":"Contacto"}]},{"@type":"WebSite","@id":"https:\/\/www.cafeteriaroyalty.es\/royalty\/#website","url":"https:\/\/www.cafeteriaroyalty.es\/royalty\/","name":"ROYALTY","description":"","publisher":{"@id":"https:\/\/www.cafeteriaroyalty.es\/royalty\/#organization"},"potentialAction":[{"@type":"SearchAction","target":{"@type":"EntryPoint","urlTemplate":"https:\/\/www.cafeteriaroyalty.es\/royalty\/?s={search_term_string}"},"query-input":{"@type":"PropertyValueSpecification","valueRequired":true,"valueName":"search_term_string"}}],"inLanguage":"es"},{"@type":"Organization","@id":"https:\/\/www.cafeteriaroyalty.es\/royalty\/#organization","name":"Raxer\u00eda Lola","url":"https:\/\/www.cafeteriaroyalty.es\/royalty\/","logo":{"@type":"ImageObject","inLanguage":"es","@id":"https:\/\/www.cafeteriaroyalty.es\/royalty\/#\/schema\/logo\/image\/","url":"","contentUrl":"","caption":"Raxer\u00eda Lola"},"image":{"@id":"https:\/\/www.cafeteriaroyalty.es\/royalty\/#\/schema\/logo\/image\/"}}]}},"_links":{"self":[{"href":"https:\/\/www.cafeteriaroyalty.es\/royalty\/wp-json\/wp\/v2\/pages\/211060"}],"collection":[{"href":"https:\/\/www.cafeteriaroyalty.es\/royalty\/wp-json\/wp\/v2\/pages"}],"about":[{"href":"https:\/\/www.cafeteriaroyalty.es\/royalty\/wp-json\/wp\/v2\/types\/page"}],"author":[{"embeddable":true,"href":"https:\/\/www.cafeteriaroyalty.es\/royalty\/wp-json\/wp\/v2\/users\/6"}],"replies":[{"embeddable":true,"href":"https:\/\/www.cafeteriaroyalty.es\/royalty\/wp-json\/wp\/v2\/comments?post=211060"}],"version-history":[{"count":23,"href":"https:\/\/www.cafeteriaroyalty.es\/royalty\/wp-json\/wp\/v2\/pages\/211060\/revisions"}],"predecessor-version":[{"id":229327,"href":"https:\/\/www.cafeteriaroyalty.es\/royalty\/wp-json\/wp\/v2\/pages\/211060\/revisions\/229327"}],"wp:attachment":[{"href":"https:\/\/www.cafeteriaroyalty.es\/royalty\/wp-json\/wp\/v2\/media?parent=211060"}],"curies":[{"name":"wp","href":"https:\/\/api.w.org\/{rel}","templated":true}]}}